{"id":53,"date":"2020-03-23T11:36:51","date_gmt":"2020-03-23T10:36:51","guid":{"rendered":"https:\/\/demosites.io\/oblique-gb\/?page_id=53"},"modified":"2023-03-14T09:19:41","modified_gmt":"2023-03-14T08:19:41","slug":"inicio","status":"publish","type":"page","link":"https:\/\/descubregijon.com\/en\/","title":{"rendered":"Start"},"content":{"rendered":"<div id=\"wp-block-themeisle-blocks-advanced-columns-30be4efa\" class=\"wp-block-themeisle-blocks-advanced-columns alignfull has-1-columns has-desktop-equal-layout has-tablet-equal-layout has-mobile-equal-layout has-vertical-unset\"><div class=\"wp-block-themeisle-blocks-advanced-columns-overlay\"><\/div><div class=\"innerblocks-wrap\">\n<div id=\"wp-block-themeisle-blocks-advanced-column-bf2c1bdc\" class=\"wp-block-themeisle-blocks-advanced-column has-dark-bg\">\n<h1 id=\"wp-block-themeisle-blocks-advanced-heading-8eec4681\" class=\"wp-block-themeisle-blocks-advanced-heading wp-block-themeisle-blocks-advanced-heading-8eec4681\"> Discover<br>gijon<\/h1>\n\n\n\n<p class=\"has-text-align-center has-nv-site-bg-color has-text-color\" style=\"font-size:21px\"> Everything you need to know for your tourist visit<\/p>\n<\/div>\n<\/div><\/div>\n\n\n\n<div id=\"wp-block-themeisle-blocks-advanced-columns-f6ea4495\" class=\"wp-block-themeisle-blocks-advanced-columns alignfull has-3-columns has-desktop-equal-layout has-tablet-equal-layout has-mobile-collapsedRows-layout has-vertical-unset\"><div class=\"wp-block-themeisle-blocks-advanced-columns-overlay\"><\/div><div class=\"innerblocks-wrap\">\n<div id=\"wp-block-themeisle-blocks-advanced-column-0ab65538\" class=\"wp-block-themeisle-blocks-advanced-column has-dark-bg\">\n<div id=\"wp-block-themeisle-blocks-font-awesome-icons-1f79b384\" class=\"wp-block-themeisle-blocks-font-awesome-icons\"><span class=\"wp-block-themeisle-blocks-font-awesome-icons-container\"><i class=\"far fa-smile-wink\"><\/i><\/span><\/div>\n\n\n\n<h3 id=\"wp-block-themeisle-blocks-advanced-heading-b1253063\" class=\"wp-block-themeisle-blocks-advanced-heading wp-block-themeisle-blocks-advanced-heading-b1253063\">  What to see?<\/h3>\n\n\n\n<p id=\"wp-block-themeisle-blocks-advanced-heading-9d2c2019\" class=\"wp-block-themeisle-blocks-advanced-heading wp-block-themeisle-blocks-advanced-heading-9d2c2019 ticss-b30006a6\"> We discover the places that you cannot miss.<\/p>\n\n\n\n<div class=\"wp-block-buttons is-content-justification-center is-layout-flex wp-container-core-buttons-is-layout-16018d1d wp-block-buttons-is-layout-flex\">\n<div class=\"wp-block-button is-style-secondary\"><a class=\"wp-block-button__link wp-element-button\" href=\"https:\/\/descubregijon.com\/en\/que-ver\/\">Read more<\/a><\/div>\n<\/div>\n<\/div>\n\n\n\n<div id=\"wp-block-themeisle-blocks-advanced-column-00855813\" class=\"wp-block-themeisle-blocks-advanced-column\">\n<div class=\"wp-block-themeisle-blocks-service\">\n<div id=\"wp-block-themeisle-blocks-font-awesome-icons-407884a6\" class=\"wp-block-themeisle-blocks-font-awesome-icons\"><span class=\"wp-block-themeisle-blocks-font-awesome-icons-container\"><i class=\"fas fa-star\"><\/i><\/span><\/div>\n\n\n\n<h3 id=\"wp-block-themeisle-blocks-advanced-heading-c215238b\" class=\"wp-block-themeisle-blocks-advanced-heading wp-block-themeisle-blocks-advanced-heading-c215238b\"> Information<\/h3>\n\n\n\n<p id=\"wp-block-themeisle-blocks-advanced-heading-21c6bb2b\" class=\"wp-block-themeisle-blocks-advanced-heading wp-block-themeisle-blocks-advanced-heading-21c6bb2b ticss-a39308dc\"> All the important information for the tourist of the city<\/p>\n\n\n\n<div class=\"wp-block-buttons is-content-justification-center is-layout-flex wp-container-core-buttons-is-layout-16018d1d wp-block-buttons-is-layout-flex\">\n<div class=\"wp-block-button is-style-secondary\"><a class=\"wp-block-button__link wp-element-button\" href=\"https:\/\/descubregijon.com\/en\/informacion-general-de-gijon\/\">Read more<\/a><\/div>\n<\/div>\n<\/div>\n<\/div>\n\n\n\n<div id=\"wp-block-themeisle-blocks-advanced-column-b78efc58\" class=\"wp-block-themeisle-blocks-advanced-column has-dark-bg\">\n<div id=\"wp-block-themeisle-blocks-font-awesome-icons-e0b7ff98\" class=\"wp-block-themeisle-blocks-font-awesome-icons\"><span class=\"wp-block-themeisle-blocks-font-awesome-icons-container\"><i class=\"fas fa-globe-americas\"><\/i><\/span><\/div>\n\n\n\n<h3 id=\"wp-block-themeisle-blocks-advanced-heading-6dc8de65\" class=\"wp-block-themeisle-blocks-advanced-heading wp-block-themeisle-blocks-advanced-heading-6dc8de65\">  Interactive map<\/h3>\n\n\n\n<p id=\"wp-block-themeisle-blocks-advanced-heading-5a4cb148\" class=\"wp-block-themeisle-blocks-advanced-heading wp-block-themeisle-blocks-advanced-heading-5a4cb148 ticss-f389820d\"> The best way to find the points of interest in the city is our interactive map. <\/p>\n\n\n\n<div class=\"wp-block-buttons is-content-justification-center is-layout-flex wp-container-core-buttons-is-layout-16018d1d wp-block-buttons-is-layout-flex\">\n<div class=\"wp-block-button is-style-secondary\"><a class=\"wp-block-button__link wp-element-button\" href=\"https:\/\/descubregijon.com\/en\/mapa\/\">Read more<\/a><\/div>\n<\/div>\n<\/div>\n<\/div><\/div>\n\n\n\n<div id=\"wp-block-themeisle-blocks-advanced-columns-8f1dc1fe\" class=\"wp-block-themeisle-blocks-advanced-columns alignfull has-2-columns has-desktop-twoOne-layout has-tablet-equal-layout has-mobile-collapsedRows-layout has-vertical-unset has-dark-bg\"><div class=\"wp-block-themeisle-blocks-advanced-columns-overlay\"><\/div><div class=\"innerblocks-wrap\">\n<div id=\"wp-block-themeisle-blocks-advanced-column-f412b39b\" class=\"wp-block-themeisle-blocks-advanced-column\">\n<h2 class=\"has-nv-site-bg-color has-text-color wp-block-heading\">Gij\u00f3n, tourism for everyone<\/h2>\n\n\n\n<p class=\"has-nv-site-bg-color has-text-color\">Gij\u00f3n receives more than one and a half million tourists annually and this makes it, together with Oviedo, one of the cities with the most tourism in the Principality of Asturias. Most of this is national, although in recent years foreign tourism has risen significantly.<\/p>\n\n\n\n<p class=\"has-nv-site-bg-color has-text-color\">Most of the visitors tend to repeat or extend their stay, since they find in Gij\u00f3n a city full of activities and leisure. Beach and mountain combine perfectly with abundant and cheap gastronomy.<\/p>\n<\/div>\n\n\n\n<div id=\"wp-block-themeisle-blocks-advanced-column-1222c755\" class=\"wp-block-themeisle-blocks-advanced-column\">\n<figure class=\"wp-block-image size-large\"><img decoding=\"async\" width=\"1200\" height=\"800\" src=\"https:\/\/descubregijon.com\/wp-content\/uploads\/2022\/03\/bandera-gijon-1200x800.png\" alt=\"\" class=\"wp-image-277\" srcset=\"https:\/\/descubregijon.com\/wp-content\/uploads\/2022\/03\/bandera-gijon-1200x800.png 1200w, https:\/\/descubregijon.com\/wp-content\/uploads\/2022\/03\/bandera-gijon-300x200.png 300w, https:\/\/descubregijon.com\/wp-content\/uploads\/2022\/03\/bandera-gijon-768x512.png 768w, https:\/\/descubregijon.com\/wp-content\/uploads\/2022\/03\/bandera-gijon-930x620.png 930w, https:\/\/descubregijon.com\/wp-content\/uploads\/2022\/03\/bandera-gijon.png 1280w\" sizes=\"(max-width: 1200px) 100vw, 1200px\" \/><\/figure>\n<\/div>\n<\/div><\/div>\n\n\n\n<section id=\"wp-block-themeisle-blocks-advanced-columns-c35e1bf3\" class=\"wp-block-themeisle-blocks-advanced-columns alignfull has-3-columns has-desktop-equal-layout has-tablet-equal-layout has-mobile-collapsedRows-layout has-vertical-flex-start\"><div class=\"wp-block-themeisle-blocks-advanced-columns-overlay\"><\/div><div class=\"innerblocks-wrap\">\n<div id=\"wp-block-themeisle-blocks-advanced-column-7002fb8f\" class=\"wp-block-themeisle-blocks-advanced-column\">\n<figure class=\"wp-block-image size-full\"><img decoding=\"async\" src=\"https:\/\/descubregijon.com\/wp-content\/uploads\/2022\/04\/palacio-revillagigedo.jpg\" alt=\"\" class=\"wp-image-750\"\/><\/figure>\n\n\n\n<h3 class=\"has-text-align-left wp-block-heading\"><a href=\"https:\/\/descubregijon.com\/en\/playas\/\">Gij\u00f3n in one day<\/a><\/h3>\n\n\n\n<p class=\"has-text-align-left\">If you have little time, our guide to what to see in Gij\u00f3n in one day will help you not to miss any of the essentials.<\/p>\n<\/div>\n\n\n\n<div id=\"wp-block-themeisle-blocks-advanced-column-3e5aec1f\" class=\"wp-block-themeisle-blocks-advanced-column\">\n<figure class=\"wp-block-image size-full\"><img decoding=\"async\" width=\"1200\" height=\"800\" src=\"https:\/\/descubregijon.com\/wp-content\/uploads\/2022\/03\/tortos.jpg\" alt=\"\" class=\"wp-image-351\" srcset=\"https:\/\/descubregijon.com\/wp-content\/uploads\/2022\/03\/tortos.jpg 1200w, https:\/\/descubregijon.com\/wp-content\/uploads\/2022\/03\/tortos-300x200.jpg 300w, https:\/\/descubregijon.com\/wp-content\/uploads\/2022\/03\/tortos-768x512.jpg 768w\" sizes=\"(max-width: 1200px) 100vw, 1200px\" \/><\/figure>\n\n\n\n<h3 class=\"has-text-align-left wp-block-heading\"><a href=\"https:\/\/descubregijon.com\/en\/que-comer-en-gijon\/\">Gastronomy<\/a><\/h3>\n\n\n\n<p class=\"has-text-align-left\">Sea and mountains come together in a very wide and high quality culinary offer. Asturian gastronomy makes the difference.<\/p>\n<\/div>\n\n\n\n<div id=\"wp-block-themeisle-blocks-advanced-column-be60fbba\" class=\"wp-block-themeisle-blocks-advanced-column\">\n<figure class=\"wp-block-image size-full\"><img decoding=\"async\" width=\"1144\" height=\"800\" src=\"https:\/\/descubregijon.com\/wp-content\/uploads\/2022\/03\/hotel.jpg\" alt=\"\" class=\"wp-image-352\" srcset=\"https:\/\/descubregijon.com\/wp-content\/uploads\/2022\/03\/hotel.jpg 1144w, https:\/\/descubregijon.com\/wp-content\/uploads\/2022\/03\/hotel-300x210.jpg 300w, https:\/\/descubregijon.com\/wp-content\/uploads\/2022\/03\/hotel-768x537.jpg 768w\" sizes=\"(max-width: 1144px) 100vw, 1144px\" \/><\/figure>\n\n\n\n<h3 class=\"has-text-align-left wp-block-heading\"><a href=\"https:\/\/descubregijon.com\/en\/donde-dormir\/\">Accommodations<\/a><\/h3>\n\n\n\n<p class=\"has-text-align-left\">Hotels, apartments and campsites accommodate thousands of tourists every year. Choose yours according to your tastes.<\/p>\n<\/div>\n<\/div><\/section>\n\n\n\n<h2 class=\"has-text-align-center wp-block-heading\"><a href=\"https:\/\/descubregijon.com\/en\/agenda\/\">Annual calendar of parties and events<\/a><\/h2>\n\n\n\n<section id=\"wp-block-themeisle-blocks-advanced-columns-26be27b0\" class=\"wp-block-themeisle-blocks-advanced-columns alignfull has-3-columns has-desktop-equal-layout has-tablet-equal-layout has-mobile-collapsedRows-layout has-vertical-flex-start\"><div class=\"wp-block-themeisle-blocks-advanced-columns-overlay\"><\/div><div class=\"innerblocks-wrap\">\n<div id=\"wp-block-themeisle-blocks-advanced-column-fcb1af69\" class=\"wp-block-themeisle-blocks-advanced-column\">\n<figure class=\"wp-block-image size-large\"><img decoding=\"async\" width=\"1200\" height=\"800\" src=\"https:\/\/descubregijon.com\/wp-content\/uploads\/2022\/03\/playa-de-san-lorenzo-1200x800.jpg\" alt=\"\" class=\"wp-image-289\" srcset=\"https:\/\/descubregijon.com\/wp-content\/uploads\/2022\/03\/playa-de-san-lorenzo.jpg 1200w, https:\/\/descubregijon.com\/wp-content\/uploads\/2022\/03\/playa-de-san-lorenzo-300x200.jpg 300w, https:\/\/descubregijon.com\/wp-content\/uploads\/2022\/03\/playa-de-san-lorenzo-768x512.jpg 768w, https:\/\/descubregijon.com\/wp-content\/uploads\/2022\/03\/playa-de-san-lorenzo-930x620.jpg 930w\" sizes=\"(max-width: 1200px) 100vw, 1200px\" \/><\/figure>\n\n\n\n<h3 class=\"has-text-align-left wp-block-heading\"><a href=\"https:\/\/descubregijon.com\/en\/playas\/\">Beaches<\/a><\/h3>\n\n\n\n<p class=\"has-text-align-left\">Discover Gij\u00f3n and its many beaches. From long sandy beaches to little-crowded rocky areas. Natural spaces for all tastes.<\/p>\n<\/div>\n\n\n\n<div id=\"wp-block-themeisle-blocks-advanced-column-bf6be567\" class=\"wp-block-themeisle-blocks-advanced-column\">\n<figure class=\"wp-block-image size-full\"><img decoding=\"async\" width=\"1200\" height=\"800\" src=\"https:\/\/descubregijon.com\/wp-content\/uploads\/2022\/04\/iglesia-de-san-jose.jpg\" alt=\"\" class=\"wp-image-755\" srcset=\"https:\/\/descubregijon.com\/wp-content\/uploads\/2022\/04\/iglesia-de-san-jose.jpg 1200w, https:\/\/descubregijon.com\/wp-content\/uploads\/2022\/04\/iglesia-de-san-jose-300x200.jpg 300w, https:\/\/descubregijon.com\/wp-content\/uploads\/2022\/04\/iglesia-de-san-jose-768x512.jpg 768w\" sizes=\"(max-width: 1200px) 100vw, 1200px\" \/><\/figure>\n\n\n\n<h3 class=\"has-text-align-left wp-block-heading\"><a href=\"https:\/\/descubregijon.com\/en\/donde-aparcar-en-gijon\/\">Where to park?<\/a><\/h3>\n\n\n\n<p class=\"has-text-align-left\">Are you arriving by car? We show you where you can park for free in Gij\u00f3n and near the city center.<\/p>\n<\/div>\n\n\n\n<div id=\"wp-block-themeisle-blocks-advanced-column-256e65c4\" class=\"wp-block-themeisle-blocks-advanced-column\">\n<figure class=\"wp-block-image size-full\"><img decoding=\"async\" src=\"https:\/\/descubregijon.com\/wp-content\/uploads\/2022\/03\/letronas-gijon.jpg\" alt=\"\" class=\"wp-image-479\"\/><\/figure>\n\n\n\n<h3 class=\"has-text-align-left wp-block-heading\"><a href=\"https:\/\/descubregijon.com\/en\/mapa\/\">Interactive map<\/a><\/h3>\n\n\n\n<p class=\"has-text-align-left\">With our interactive map you can plan your visits and save your favorite sites. Discover Gij\u00f3n!<\/p>\n<\/div>\n<\/div><\/section>","protected":false},"excerpt":{"rendered":"<p>Annual calendar of parties and events<\/p>","protected":false},"author":1,"featured_media":0,"parent":0,"menu_order":0,"comment_status":"closed","ping_status":"closed","template":"page-templates\/template-pagebuilder-full-width.php","meta":{"_seopress_robots_primary_cat":"","_seopress_titles_title":"Gu\u00eda completa de turismo de Gij\u00f3n | Descubre Gij\u00f3n","_seopress_titles_desc":"Gu\u00eda de turismo de Gij\u00f3n, Asturias. Agenda, eventos, qu\u00e9 ver, d\u00f3nde dormir, c\u00f3mo llegar, d\u00f3nde aparcar, qu\u00e9 comer, mapa, qu\u00e9 visitar...","_seopress_robots_index":"","neve_meta_sidebar":"full-width","neve_meta_container":"","neve_meta_enable_content_width":"on","neve_meta_content_width":100,"neve_meta_title_alignment":"","neve_meta_author_avatar":"","neve_post_elements_order":"","neve_meta_disable_header":"","neve_meta_disable_footer":"","neve_meta_disable_title":"","_themeisle_gutenberg_block_has_review":false,"footnotes":""},"class_list":["post-53","page","type-page","status-publish"],"amp_enabled":true,"_links":{"self":[{"href":"https:\/\/descubregijon.com\/en\/wp-json\/wp\/v2\/pages\/53","targetHints":{"allow":["GET"]}}],"collection":[{"href":"https:\/\/descubregijon.com\/en\/wp-json\/wp\/v2\/pages"}],"about":[{"href":"https:\/\/descubregijon.com\/en\/wp-json\/wp\/v2\/types\/page"}],"author":[{"embeddable":true,"href":"https:\/\/descubregijon.com\/en\/wp-json\/wp\/v2\/users\/1"}],"replies":[{"embeddable":true,"href":"https:\/\/descubregijon.com\/en\/wp-json\/wp\/v2\/comments?post=53"}],"version-history":[{"count":20,"href":"https:\/\/descubregijon.com\/en\/wp-json\/wp\/v2\/pages\/53\/revisions"}],"predecessor-version":[{"id":1176,"href":"https:\/\/descubregijon.com\/en\/wp-json\/wp\/v2\/pages\/53\/revisions\/1176"}],"wp:attachment":[{"href":"https:\/\/descubregijon.com\/en\/wp-json\/wp\/v2\/media?parent=53"}],"curies":[{"name":"wp","href":"https:\/\/api.w.org\/{rel}","templated":true}]}}