{"id":1885,"date":"2023-11-14T14:07:51","date_gmt":"2023-11-14T13:07:51","guid":{"rendered":"https:\/\/goldenrod-tiger-593464.hostingersite.com\/?page_id=1885"},"modified":"2023-11-14T14:38:12","modified_gmt":"2023-11-14T13:38:12","slug":"tienda","status":"publish","type":"page","link":"https:\/\/descubregijon.com\/en\/tienda\/","title":{"rendered":"Tienda de Gij\u00f3n"},"content":{"rendered":"<p>\u00bfQuieres llevarte un trozo de GIJ\u00d3N a tu casa o negocio? \u00bfTe gustar\u00eda tener un pedacito de Gij\u00f3n contigo? Est\u00e1s en el sitio adecuado. En Descubre Gij\u00f3n te hemos preparado una <strong>lista de productos imprescindibles para que sientas Gij\u00f3n cerca de ti<\/strong>.<\/p>\n\n\n\n<p>Ya sea como <strong>regalo original<\/strong> de la ciudad o para uno mismo, Gij\u00f3n te acompa\u00f1ar\u00e1 siempre.<\/p>\n\n\n\n<h2 class=\"wp-block-heading\">Gu\u00edas de viaje de Asturias<\/h2>\n\n\n\n<p>Empezamos nuestra selecci\u00f3n de productos de Gij\u00f3n con un indispensable para cualquier turista. Las gu\u00edas de viaje nos ayudan a visitar los lugares m\u00e1s importantes y no perdernos nada. \u00bfCu\u00e1l es tu preferida?<\/p>\n\n\n\n<div id=\"wp-block-themeisle-blocks-advanced-columns-7b672da4\" class=\"wp-block-themeisle-blocks-advanced-columns has-4-columns has-desktop-equal-layout has-tablet-equal-layout has-mobile-collapsedRows-layout has-vertical-unset\"><div class=\"wp-block-themeisle-blocks-advanced-columns-overlay\"><\/div><div class=\"innerblocks-wrap\">\n<div id=\"wp-block-themeisle-blocks-advanced-column-01a4a34b\" class=\"wp-block-themeisle-blocks-advanced-column\">\n<div id=\"wp-block-themeisle-blocks-advanced-columns-02159625\" class=\"wp-block-themeisle-blocks-advanced-columns has-1-columns has-desktop-equal-layout has-tablet-equal-layout has-mobile-equal-layout has-vertical-unset\"><div class=\"wp-block-themeisle-blocks-advanced-columns-overlay\"><\/div><div class=\"innerblocks-wrap\">\n<div id=\"wp-block-themeisle-blocks-advanced-column-24153eaa\" class=\"wp-block-themeisle-blocks-advanced-column\"><div class=\"wp-block-image\">\n<figure class=\"aligncenter size-large is-resized\"><a href=\"https:\/\/amzn.to\/3szDdSZ\" target=\"_blank\" rel=\"noopener\"><img decoding=\"async\" src=\"https:\/\/m.media-amazon.com\/images\/I\/81B0sMiobML._SY466_.jpg\" alt=\"Cuadro con el mapa de Gij\u00f3n en negro\" style=\"width:auto;height:300px\"\/><\/a><\/figure>\n<\/div>\n\n\n<h3 class=\"wp-block-heading has-text-align-center\"><a href=\"https:\/\/amzn.to\/3szDdSZ\" data-type=\"link\" data-id=\"https:\/\/amzn.to\/3QY6qjS\" target=\"_blank\" rel=\"noopener\">Lo mejor de Asturias (Lonely Planet)<\/a><\/h3>\n<\/div>\n<\/div><\/div>\n<\/div>\n\n\n\n<div id=\"wp-block-themeisle-blocks-advanced-column-5a3c98e8\" class=\"wp-block-themeisle-blocks-advanced-column\">\n<div id=\"wp-block-themeisle-blocks-advanced-columns-ca21f057\" class=\"wp-block-themeisle-blocks-advanced-columns has-1-columns has-desktop-equal-layout has-tablet-equal-layout has-mobile-equal-layout has-vertical-unset\"><div class=\"wp-block-themeisle-blocks-advanced-columns-overlay\"><\/div><div class=\"innerblocks-wrap\">\n<div id=\"wp-block-themeisle-blocks-advanced-column-d1853f65\" class=\"wp-block-themeisle-blocks-advanced-column\"><div class=\"wp-block-image\">\n<figure class=\"aligncenter size-large is-resized\"><a href=\"https:\/\/amzn.to\/3Gieqq1\" target=\"_blank\" rel=\"noopener\"><img decoding=\"async\" src=\"https:\/\/m.media-amazon.com\/images\/I\/71Zrxef2p9L._SY466_.jpg\" alt=\"Cuadro Universidad Laboral de Gij\u00f3n\" style=\"width:auto;height:300px\"\/><\/a><\/figure>\n<\/div>\n\n\n<h3 class=\"wp-block-heading has-text-align-center\"><a href=\"https:\/\/amzn.to\/3Gieqq1\" data-type=\"link\" data-id=\"https:\/\/amzn.to\/3QY6qjS\" target=\"_blank\" rel=\"noopener\">Rincones secretos de Asturias<\/a><\/h3>\n<\/div>\n<\/div><\/div>\n<\/div>\n\n\n\n<div id=\"wp-block-themeisle-blocks-advanced-column-0acb9cb2\" class=\"wp-block-themeisle-blocks-advanced-column\">\n<div id=\"wp-block-themeisle-blocks-advanced-columns-7166c532\" class=\"wp-block-themeisle-blocks-advanced-columns has-1-columns has-desktop-equal-layout has-tablet-equal-layout has-mobile-equal-layout has-vertical-unset\"><div class=\"wp-block-themeisle-blocks-advanced-columns-overlay\"><\/div><div class=\"innerblocks-wrap\">\n<div id=\"wp-block-themeisle-blocks-advanced-column-401e3dd1\" class=\"wp-block-themeisle-blocks-advanced-column\"><div class=\"wp-block-image\">\n<figure class=\"aligncenter size-large is-resized\"><a href=\"https:\/\/amzn.to\/47rkTKs\" target=\"_blank\" rel=\"noopener\"><img decoding=\"async\" src=\"https:\/\/m.media-amazon.com\/images\/I\/71sLNRyvbOL._SY466_.jpg\" alt=\"Cuadro con el mapa de Gij\u00f3n blanco\" style=\"width:auto;height:300px\"\/><\/a><\/figure>\n<\/div>\n\n\n<h3 class=\"wp-block-heading has-text-align-center\"><a href=\"https:\/\/amzn.to\/47rkTKs\" data-type=\"link\" data-id=\"https:\/\/amzn.to\/3QY6qjS\" target=\"_blank\" rel=\"noopener\">AsturAdictos, gu\u00eda para enamorarse de Asturias<\/a><\/h3>\n<\/div>\n<\/div><\/div>\n<\/div>\n\n\n\n<div id=\"wp-block-themeisle-blocks-advanced-column-5337a20d\" class=\"wp-block-themeisle-blocks-advanced-column\">\n<div id=\"wp-block-themeisle-blocks-advanced-columns-c4f3da6d\" class=\"wp-block-themeisle-blocks-advanced-columns has-1-columns has-desktop-equal-layout has-tablet-equal-layout has-mobile-equal-layout has-vertical-unset\"><div class=\"wp-block-themeisle-blocks-advanced-columns-overlay\"><\/div><div class=\"innerblocks-wrap\">\n<div id=\"wp-block-themeisle-blocks-advanced-column-a43e99b9\" class=\"wp-block-themeisle-blocks-advanced-column\"><div class=\"wp-block-image\">\n<figure class=\"aligncenter size-large is-resized\"><a href=\"https:\/\/amzn.to\/47vUjQB\" target=\"_blank\" rel=\"noopener\"><img decoding=\"async\" src=\"https:\/\/m.media-amazon.com\/images\/I\/81OCkU4p2XL._SY466_.jpg\" alt=\"L\u00e1mina colorida de Gij\u00f3n\" style=\"width:auto;height:300px\"\/><\/a><\/figure>\n<\/div>\n\n\n<h3 class=\"wp-block-heading has-text-align-center\"><a href=\"https:\/\/amzn.to\/47vUjQB\" target=\"_blank\" rel=\"noopener\">Asturias (Gu\u00eda total)<\/a><\/h3>\n<\/div>\n<\/div><\/div>\n<\/div>\n<\/div><\/div>\n\n\n\n<h2 class=\"wp-block-heading\">Regalos de Gij\u00f3n decorativos<\/h2>\n\n\n\n<p>Todos estos art\u00edculos son perfectos ya sea como un regalo \u00fanico de la ciudad o para darle un toque especial a tu espacio.<\/p>\n\n\n\n<div id=\"wp-block-themeisle-blocks-advanced-columns-c14802f6\" class=\"wp-block-themeisle-blocks-advanced-columns has-4-columns has-desktop-equal-layout has-tablet-equal-layout has-mobile-collapsedRows-layout has-vertical-unset\"><div class=\"wp-block-themeisle-blocks-advanced-columns-overlay\"><\/div><div class=\"innerblocks-wrap\">\n<div id=\"wp-block-themeisle-blocks-advanced-column-58b6b9f7\" class=\"wp-block-themeisle-blocks-advanced-column\">\n<div id=\"wp-block-themeisle-blocks-advanced-columns-640d3db0\" class=\"wp-block-themeisle-blocks-advanced-columns has-1-columns has-desktop-equal-layout has-tablet-equal-layout has-mobile-equal-layout has-vertical-unset\"><div class=\"wp-block-themeisle-blocks-advanced-columns-overlay\"><\/div><div class=\"innerblocks-wrap\">\n<div id=\"wp-block-themeisle-blocks-advanced-column-10bad055\" class=\"wp-block-themeisle-blocks-advanced-column\"><div class=\"wp-block-image\">\n<figure class=\"aligncenter size-large is-resized\"><a href=\"https:\/\/amzn.to\/3QY6qjS\" target=\"_blank\" rel=\"noopener\"><img decoding=\"async\" src=\"https:\/\/m.media-amazon.com\/images\/I\/61aG8DqL6mL._AC_SL1500_.jpg\" alt=\"Cuadro con el mapa de Gij\u00f3n en negro\" style=\"width:auto;height:300px\"\/><\/a><\/figure>\n<\/div>\n\n\n<h3 class=\"wp-block-heading has-text-align-center\"><a href=\"https:\/\/amzn.to\/3QY6qjS\" data-type=\"link\" data-id=\"https:\/\/amzn.to\/3QY6qjS\" target=\"_blank\" rel=\"noopener\">Cuadro con el mapa de Gij\u00f3n en negro<\/a><\/h3>\n<\/div>\n<\/div><\/div>\n<\/div>\n\n\n\n<div id=\"wp-block-themeisle-blocks-advanced-column-eec7b5a4\" class=\"wp-block-themeisle-blocks-advanced-column\">\n<div id=\"wp-block-themeisle-blocks-advanced-columns-733b7255\" class=\"wp-block-themeisle-blocks-advanced-columns has-1-columns has-desktop-equal-layout has-tablet-equal-layout has-mobile-equal-layout has-vertical-unset\"><div class=\"wp-block-themeisle-blocks-advanced-columns-overlay\"><\/div><div class=\"innerblocks-wrap\">\n<div id=\"wp-block-themeisle-blocks-advanced-column-1c745137\" class=\"wp-block-themeisle-blocks-advanced-column\"><div class=\"wp-block-image\">\n<figure class=\"aligncenter size-large is-resized\"><a href=\"https:\/\/amzn.to\/47AQBW1\" target=\"_blank\" rel=\"noopener\"><img decoding=\"async\" src=\"https:\/\/m.media-amazon.com\/images\/I\/816id-hvUVL._AC_SX679_.jpg\" alt=\"Cuadro Universidad Laboral de Gij\u00f3n\" style=\"width:auto;height:300px\"\/><\/a><\/figure>\n<\/div>\n\n\n<h3 class=\"wp-block-heading has-text-align-center\"><a href=\"https:\/\/amzn.to\/47AQBW1\" data-type=\"link\" data-id=\"https:\/\/amzn.to\/3QY6qjS\" target=\"_blank\" rel=\"noopener\">Cuadro Universidad Laboral de Gij\u00f3n<\/a><\/h3>\n<\/div>\n<\/div><\/div>\n<\/div>\n\n\n\n<div id=\"wp-block-themeisle-blocks-advanced-column-8f77a919\" class=\"wp-block-themeisle-blocks-advanced-column\">\n<div id=\"wp-block-themeisle-blocks-advanced-columns-549d4d9e\" class=\"wp-block-themeisle-blocks-advanced-columns has-1-columns has-desktop-equal-layout has-tablet-equal-layout has-mobile-equal-layout has-vertical-unset\"><div class=\"wp-block-themeisle-blocks-advanced-columns-overlay\"><\/div><div class=\"innerblocks-wrap\">\n<div id=\"wp-block-themeisle-blocks-advanced-column-041bd993\" class=\"wp-block-themeisle-blocks-advanced-column\"><div class=\"wp-block-image\">\n<figure class=\"aligncenter size-large is-resized\"><a href=\"https:\/\/amzn.to\/49xQxYN\" target=\"_blank\" rel=\"noopener\"><img decoding=\"async\" src=\"https:\/\/m.media-amazon.com\/images\/I\/61sq+vtfXwL._AC_SX679_.jpg\" alt=\"Cuadro con el mapa de Gij\u00f3n blanco\" style=\"width:auto;height:300px\"\/><\/a><\/figure>\n<\/div>\n\n\n<h3 class=\"wp-block-heading has-text-align-center\"><a href=\"https:\/\/amzn.to\/49xQxYN\" data-type=\"link\" data-id=\"https:\/\/amzn.to\/3QY6qjS\" target=\"_blank\" rel=\"noopener\">Cuadro con el mapa de Gij\u00f3n blanco<\/a><\/h3>\n<\/div>\n<\/div><\/div>\n<\/div>\n\n\n\n<div id=\"wp-block-themeisle-blocks-advanced-column-4e4dc46a\" class=\"wp-block-themeisle-blocks-advanced-column\">\n<div id=\"wp-block-themeisle-blocks-advanced-columns-9e08418f\" class=\"wp-block-themeisle-blocks-advanced-columns has-1-columns has-desktop-equal-layout has-tablet-equal-layout has-mobile-equal-layout has-vertical-unset\"><div class=\"wp-block-themeisle-blocks-advanced-columns-overlay\"><\/div><div class=\"innerblocks-wrap\">\n<div id=\"wp-block-themeisle-blocks-advanced-column-98fbe60d\" class=\"wp-block-themeisle-blocks-advanced-column\"><div class=\"wp-block-image\">\n<figure class=\"aligncenter size-large is-resized\"><a href=\"https:\/\/amzn.to\/3sntOOw\" target=\"_blank\" rel=\"noopener\"><img decoding=\"async\" src=\"https:\/\/m.media-amazon.com\/images\/I\/717gqVsjnvL._AC_SX679_.jpg\" alt=\"L\u00e1mina colorida de Gij\u00f3n\" style=\"width:auto;height:300px\"\/><\/a><\/figure>\n<\/div>\n\n\n<h3 class=\"wp-block-heading has-text-align-center\"><a href=\"https:\/\/amzn.to\/3sntOOw\" target=\"_blank\" rel=\"noopener\">L\u00e1mina colorida de Gij\u00f3n<\/a><\/h3>\n<\/div>\n<\/div><\/div>\n<\/div>\n<\/div><\/div>\n\n\n\n<h2 class=\"wp-block-heading\">Ropa de Gij\u00f3n<\/h2>\n\n\n\n<p>Llevar a Gij\u00f3n en la ropa es un lujo. Mira las prendas de ropa que hemos seleccionado para ti con motivos de Gij\u00f3n. \u00a1No te podr\u00e1s resistir!<\/p>\n\n\n\n<div id=\"wp-block-themeisle-blocks-advanced-columns-12adf04b\" class=\"wp-block-themeisle-blocks-advanced-columns has-4-columns has-desktop-equal-layout has-tablet-equal-layout has-mobile-collapsedRows-layout has-vertical-unset\"><div class=\"wp-block-themeisle-blocks-advanced-columns-overlay\"><\/div><div class=\"innerblocks-wrap\">\n<div id=\"wp-block-themeisle-blocks-advanced-column-d0a6a12b\" class=\"wp-block-themeisle-blocks-advanced-column\">\n<div id=\"wp-block-themeisle-blocks-advanced-columns-a8b6d3bf\" class=\"wp-block-themeisle-blocks-advanced-columns has-1-columns has-desktop-equal-layout has-tablet-equal-layout has-mobile-equal-layout has-vertical-unset\"><div class=\"wp-block-themeisle-blocks-advanced-columns-overlay\"><\/div><div class=\"innerblocks-wrap\">\n<div id=\"wp-block-themeisle-blocks-advanced-column-a802e00f\" class=\"wp-block-themeisle-blocks-advanced-column\"><div class=\"wp-block-image\">\n<figure class=\"aligncenter size-large is-resized\"><a href=\"https:\/\/amzn.to\/3sD6vjy\" target=\"_blank\" rel=\"noopener\"><img decoding=\"async\" src=\"https:\/\/m.media-amazon.com\/images\/I\/A13usaonutL._CLa%7C2140%2C2000%7C910roc8%2BndL.png%7C0%2C0%2C2140%2C2000%2B0.0%2C0.0%2C2140.0%2C2000.0_AC_SX679_.png\" alt=\"Cuadro con el mapa de Gij\u00f3n en negro\" style=\"width:auto;height:280px\"\/><\/a><\/figure>\n<\/div>\n\n\n<h3 class=\"wp-block-heading has-text-align-center\"><a href=\"https:\/\/amzn.to\/3sD6vjy\" target=\"_blank\" rel=\"noopener\">Camiseta retro vintage Gij\u00f3n<\/a><\/h3>\n<\/div>\n<\/div><\/div>\n<\/div>\n\n\n\n<div id=\"wp-block-themeisle-blocks-advanced-column-aed7a8de\" class=\"wp-block-themeisle-blocks-advanced-column\">\n<div id=\"wp-block-themeisle-blocks-advanced-columns-ebb1f3c8\" class=\"wp-block-themeisle-blocks-advanced-columns has-1-columns has-desktop-equal-layout has-tablet-equal-layout has-mobile-equal-layout has-vertical-unset\"><div class=\"wp-block-themeisle-blocks-advanced-columns-overlay\"><\/div><div class=\"innerblocks-wrap\">\n<div id=\"wp-block-themeisle-blocks-advanced-column-6192d50c\" class=\"wp-block-themeisle-blocks-advanced-column\"><div class=\"wp-block-image\">\n<figure class=\"aligncenter size-large is-resized\"><a href=\"https:\/\/amzn.to\/3MEf98k\" target=\"_blank\" rel=\"noopener\"><img decoding=\"async\" src=\"https:\/\/m.media-amazon.com\/images\/I\/A13usaonutL._CLa%7C2140%2C2000%7C51QicZogfWL.png%7C0%2C0%2C2140%2C2000%2B0.0%2C0.0%2C2140.0%2C2000.0_AC_SX679_.png\" alt=\"Cuadro Universidad Laboral de Gij\u00f3n\" style=\"width:auto;height:280px\"\/><\/a><\/figure>\n<\/div>\n\n\n<h3 class=\"wp-block-heading has-text-align-center\"><a href=\"https:\/\/amzn.to\/3MEf98k\" data-type=\"link\" data-id=\"https:\/\/amzn.to\/3QY6qjS\" target=\"_blank\" rel=\"noopener\">Camiseta con silueta de Gij\u00f3n<\/a><\/h3>\n<\/div>\n<\/div><\/div>\n<\/div>\n\n\n\n<div id=\"wp-block-themeisle-blocks-advanced-column-e543a365\" class=\"wp-block-themeisle-blocks-advanced-column\">\n<div id=\"wp-block-themeisle-blocks-advanced-columns-553f6619\" class=\"wp-block-themeisle-blocks-advanced-columns has-1-columns has-desktop-equal-layout has-tablet-equal-layout has-mobile-equal-layout has-vertical-unset\"><div class=\"wp-block-themeisle-blocks-advanced-columns-overlay\"><\/div><div class=\"innerblocks-wrap\">\n<div id=\"wp-block-themeisle-blocks-advanced-column-253fca0d\" class=\"wp-block-themeisle-blocks-advanced-column\"><div class=\"wp-block-image\">\n<figure class=\"aligncenter size-large is-resized\"><a href=\"https:\/\/amzn.to\/3MFl5Og\" target=\"_blank\" rel=\"noopener\"><img decoding=\"async\" src=\"https:\/\/m.media-amazon.com\/images\/I\/A13usaonutL._CLa%7C2140%2C2000%7C81NZrKKxuoL.png%7C0%2C0%2C2140%2C2000%2B0.0%2C0.0%2C2140.0%2C2000.0_AC_SX679_.png\" alt=\"Cuadro con el mapa de Gij\u00f3n blanco\" style=\"width:auto;height:280px\"\/><\/a><\/figure>\n<\/div>\n\n\n<h3 class=\"wp-block-heading has-text-align-center\"><a href=\"https:\/\/amzn.to\/3MFl5Og\" data-type=\"link\" data-id=\"https:\/\/amzn.to\/3QY6qjS\" target=\"_blank\" rel=\"noopener\">Camiseta retro varios colores<\/a><\/h3>\n<\/div>\n<\/div><\/div>\n<\/div>\n\n\n\n<div id=\"wp-block-themeisle-blocks-advanced-column-e05c9d0d\" class=\"wp-block-themeisle-blocks-advanced-column\">\n<div id=\"wp-block-themeisle-blocks-advanced-columns-1a52aea3\" class=\"wp-block-themeisle-blocks-advanced-columns has-1-columns has-desktop-equal-layout has-tablet-equal-layout has-mobile-equal-layout has-vertical-unset\"><div class=\"wp-block-themeisle-blocks-advanced-columns-overlay\"><\/div><div class=\"innerblocks-wrap\">\n<div id=\"wp-block-themeisle-blocks-advanced-column-d0e92b27\" class=\"wp-block-themeisle-blocks-advanced-column\"><div class=\"wp-block-image\">\n<figure class=\"aligncenter size-large is-resized\"><a href=\"https:\/\/amzn.to\/3unPF8M\" target=\"_blank\" rel=\"noopener\"><img decoding=\"async\" src=\"https:\/\/m.media-amazon.com\/images\/I\/A13usaonutL._CLa%7C2140%2C2000%7C61E7gYCdLVL.png%7C0%2C0%2C2140%2C2000%2B0.0%2C0.0%2C2140.0%2C2000.0_AC_SX679_.png\" alt=\"L\u00e1mina colorida de Gij\u00f3n\" style=\"width:auto;height:280px\"\/><\/a><\/figure>\n<\/div>\n\n\n<h3 class=\"wp-block-heading has-text-align-center\"><a href=\"https:\/\/amzn.to\/3unPF8M\" target=\"_blank\" rel=\"noopener\">I love Gij\u00f3n<\/a><\/h3>\n<\/div>\n<\/div><\/div>\n<\/div>\n<\/div><\/div>\n\n\n\n<h2 class=\"wp-block-heading\">Regalos del Sporting de Gij\u00f3n<\/h2>\n\n\n\n<p>Demuestra tu pasi\u00f3n por el Sporting de Gij\u00f3n o sorprende a un ser querido con nuestros regalos exclusivos del equipo. En Descubre Gij\u00f3n, hemos reunido una selecci\u00f3n especial de art\u00edculos que har\u00e1n que cualquier aficionado vibre con orgullo.<\/p>\n\n\n\n<div id=\"wp-block-themeisle-blocks-advanced-columns-51965efd\" class=\"wp-block-themeisle-blocks-advanced-columns has-4-columns has-desktop-equal-layout has-tablet-equal-layout has-mobile-collapsedRows-layout has-vertical-unset\"><div class=\"wp-block-themeisle-blocks-advanced-columns-overlay\"><\/div><div class=\"innerblocks-wrap\">\n<div id=\"wp-block-themeisle-blocks-advanced-column-f68a4f50\" class=\"wp-block-themeisle-blocks-advanced-column\">\n<div id=\"wp-block-themeisle-blocks-advanced-columns-6a32123c\" class=\"wp-block-themeisle-blocks-advanced-columns has-1-columns has-desktop-equal-layout has-tablet-equal-layout has-mobile-equal-layout has-vertical-unset\"><div class=\"wp-block-themeisle-blocks-advanced-columns-overlay\"><\/div><div class=\"innerblocks-wrap\">\n<div id=\"wp-block-themeisle-blocks-advanced-column-aa66e91f\" class=\"wp-block-themeisle-blocks-advanced-column\"><div class=\"wp-block-image\">\n<figure class=\"aligncenter size-large is-resized\"><a href=\"https:\/\/amzn.to\/47t8V3a\" target=\"_blank\" rel=\"noopener\"><img decoding=\"async\" src=\"https:\/\/m.media-amazon.com\/images\/I\/61x1earv3rL._AC_SX679_.jpg\" alt=\"Cuadro con el mapa de Gij\u00f3n en negro\" style=\"width:auto;height:280px\"\/><\/a><\/figure>\n<\/div>\n\n\n<h3 class=\"wp-block-heading has-text-align-center\"><a href=\"https:\/\/amzn.to\/47t8V3a\" target=\"_blank\" rel=\"noopener\">Regalo para padres del Sporting<\/a><\/h3>\n<\/div>\n<\/div><\/div>\n<\/div>\n\n\n\n<div id=\"wp-block-themeisle-blocks-advanced-column-a521abf5\" class=\"wp-block-themeisle-blocks-advanced-column\">\n<div id=\"wp-block-themeisle-blocks-advanced-columns-343aa86a\" class=\"wp-block-themeisle-blocks-advanced-columns has-1-columns has-desktop-equal-layout has-tablet-equal-layout has-mobile-equal-layout has-vertical-unset\"><div class=\"wp-block-themeisle-blocks-advanced-columns-overlay\"><\/div><div class=\"innerblocks-wrap\">\n<div id=\"wp-block-themeisle-blocks-advanced-column-e2be672a\" class=\"wp-block-themeisle-blocks-advanced-column\"><div class=\"wp-block-image\">\n<figure class=\"aligncenter size-large is-resized\"><a href=\"https:\/\/amzn.to\/3sqtX3I\" target=\"_blank\" rel=\"noopener\"><img decoding=\"async\" src=\"https:\/\/m.media-amazon.com\/images\/I\/71caGTyTcOL._AC_SX679_.jpg\" alt=\"Cuadro Universidad Laboral de Gij\u00f3n\" style=\"width:auto;height:105px\"\/><\/a><\/figure>\n<\/div>\n\n<div class=\"wp-block-image\">\n<figure class=\"aligncenter size-large is-resized\"><a href=\"https:\/\/amzn.to\/3sqtX3I\" target=\"_blank\" rel=\"noopener\"><img decoding=\"async\" src=\"https:\/\/m.media-amazon.com\/images\/I\/71OMIRQhwzL._AC_SX679_.jpg\" alt=\"Cuadro Universidad Laboral de Gij\u00f3n\" style=\"width:auto;height:105px\"\/><\/a><\/figure>\n<\/div>\n\n\n<h3 class=\"wp-block-heading has-text-align-center\"><a href=\"https:\/\/amzn.to\/3sqtX3I\" data-type=\"link\" data-id=\"https:\/\/amzn.to\/3QY6qjS\" target=\"_blank\" rel=\"noopener\">Monederos molones<\/a><\/h3>\n<\/div>\n<\/div><\/div>\n<\/div>\n\n\n\n<div id=\"wp-block-themeisle-blocks-advanced-column-ac1442c0\" class=\"wp-block-themeisle-blocks-advanced-column\">\n<div id=\"wp-block-themeisle-blocks-advanced-columns-0ab38552\" class=\"wp-block-themeisle-blocks-advanced-columns has-1-columns has-desktop-equal-layout has-tablet-equal-layout has-mobile-equal-layout has-vertical-unset\"><div class=\"wp-block-themeisle-blocks-advanced-columns-overlay\"><\/div><div class=\"innerblocks-wrap\">\n<div id=\"wp-block-themeisle-blocks-advanced-column-c2337261\" class=\"wp-block-themeisle-blocks-advanced-column\"><div class=\"wp-block-image\">\n<figure class=\"aligncenter size-large is-resized\"><a href=\"https:\/\/amzn.to\/3uj2IZu\" target=\"_blank\" rel=\"noopener\"><img decoding=\"async\" src=\"https:\/\/m.media-amazon.com\/images\/I\/918s-Y74+lL._AC_SX425_.jpg\" alt=\"Cuadro con el mapa de Gij\u00f3n blanco\" style=\"width:auto;height:250px\"\/><\/a><\/figure>\n<\/div>\n\n\n<h3 class=\"wp-block-heading has-text-align-center\"><a href=\"https:\/\/amzn.to\/3uj2IZu\" data-type=\"link\" data-id=\"https:\/\/amzn.to\/3QY6qjS\" target=\"_blank\" rel=\"noopener\">Mochila Sporting de Gij\u00f3n<\/a><\/h3>\n<\/div>\n<\/div><\/div>\n<\/div>\n\n\n\n<div id=\"wp-block-themeisle-blocks-advanced-column-d9b84295\" class=\"wp-block-themeisle-blocks-advanced-column\">\n<div id=\"wp-block-themeisle-blocks-advanced-columns-8771ab25\" class=\"wp-block-themeisle-blocks-advanced-columns has-1-columns has-desktop-equal-layout has-tablet-equal-layout has-mobile-equal-layout has-vertical-unset\"><div class=\"wp-block-themeisle-blocks-advanced-columns-overlay\"><\/div><div class=\"innerblocks-wrap\">\n<div id=\"wp-block-themeisle-blocks-advanced-column-2765beeb\" class=\"wp-block-themeisle-blocks-advanced-column\"><div class=\"wp-block-image\">\n<figure class=\"aligncenter size-large is-resized\"><a href=\"https:\/\/amzn.to\/3FYmEmP\" target=\"_blank\" rel=\"noopener\"><img decoding=\"async\" src=\"https:\/\/m.media-amazon.com\/images\/I\/81p38U-H9IL._AC_SY741_.jpg\" alt=\"L\u00e1mina colorida de Gij\u00f3n\" style=\"width:auto;height:280px\"\/><\/a><\/figure>\n<\/div>\n\n\n<h3 class=\"wp-block-heading has-text-align-center\"><a href=\"https:\/\/amzn.to\/3FYmEmP\" target=\"_blank\" rel=\"noopener\">Paraguas Gij\u00f3n<\/a><\/h3>\n<\/div>\n<\/div><\/div>\n<\/div>\n<\/div><\/div>","protected":false},"excerpt":{"rendered":"<p>\u00bfQuieres llevarte un trozo de GIJ\u00d3N a tu casa o negocio? \u00bfTe gustar\u00eda tener un pedacito de Gij\u00f3n contigo? Est\u00e1s en el sitio adecuado. En Descubre Gij\u00f3n te hemos preparado una lista de productos imprescindibles para que sientas Gij\u00f3n cerca de ti. Ya sea como regalo original de la ciudad o para uno mismo, Gij\u00f3n&hellip;&nbsp;<a href=\"https:\/\/descubregijon.com\/en\/tienda\/\" class=\"\" rel=\"bookmark\">Read More &raquo;<span class=\"screen-reader-text\">Tienda de Gij\u00f3n<\/span><\/a><\/p>","protected":false},"author":1,"featured_media":0,"parent":0,"menu_order":0,"comment_status":"closed","ping_status":"closed","template":"","meta":{"_seopress_robots_primary_cat":"","_seopress_titles_title":"","_seopress_titles_desc":"","_seopress_robots_index":"","neve_meta_sidebar":"","neve_meta_container":"","neve_meta_enable_content_width":"","neve_meta_content_width":0,"neve_meta_title_alignment":"","neve_meta_author_avatar":"","neve_post_elements_order":"","neve_meta_disable_header":"","neve_meta_disable_footer":"","neve_meta_disable_title":"","_themeisle_gutenberg_block_has_review":false,"footnotes":""},"class_list":["post-1885","page","type-page","status-publish"],"amp_enabled":true,"_links":{"self":[{"href":"https:\/\/descubregijon.com\/en\/wp-json\/wp\/v2\/pages\/1885","targetHints":{"allow":["GET"]}}],"collection":[{"href":"https:\/\/descubregijon.com\/en\/wp-json\/wp\/v2\/pages"}],"about":[{"href":"https:\/\/descubregijon.com\/en\/wp-json\/wp\/v2\/types\/page"}],"author":[{"embeddable":true,"href":"https:\/\/descubregijon.com\/en\/wp-json\/wp\/v2\/users\/1"}],"replies":[{"embeddable":true,"href":"https:\/\/descubregijon.com\/en\/wp-json\/wp\/v2\/comments?post=1885"}],"version-history":[{"count":1,"href":"https:\/\/descubregijon.com\/en\/wp-json\/wp\/v2\/pages\/1885\/revisions"}],"predecessor-version":[{"id":1912,"href":"https:\/\/descubregijon.com\/en\/wp-json\/wp\/v2\/pages\/1885\/revisions\/1912"}],"wp:attachment":[{"href":"https:\/\/descubregijon.com\/en\/wp-json\/wp\/v2\/media?parent=1885"}],"curies":[{"name":"wp","href":"https:\/\/api.w.org\/{rel}","templated":true}]}}