{"id":1111,"date":"2023-03-13T15:56:46","date_gmt":"2023-03-13T14:56:46","guid":{"rendered":"https:\/\/goldenrod-tiger-593464.hostingersite.com\/?page_id=1111"},"modified":"2023-07-07T14:45:19","modified_gmt":"2023-07-07T12:45:19","slug":"eventos-anuales","status":"publish","type":"page","link":"https:\/\/descubregijon.com\/en\/eventos-anuales\/","title":{"rendered":"Eventos anuales"},"content":{"rendered":"<div id=\"wp-block-themeisle-blocks-advanced-columns-73c22124\" class=\"wp-block-themeisle-blocks-advanced-columns alignfull has-1-columns has-desktop-equal-layout has-tablet-equal-layout has-mobile-equal-layout has-vertical-center has-default-gap\"><div class=\"wp-block-themeisle-blocks-advanced-columns-overlay\"><\/div><div class=\"innerblocks-wrap\">\n<div id=\"wp-block-themeisle-blocks-advanced-column-5d6cfb5a\" class=\"wp-block-themeisle-blocks-advanced-column\">\n<h1 id=\"wp-block-themeisle-blocks-advanced-heading-b38bcbdd\" class=\"wp-block-themeisle-blocks-advanced-heading wp-block-themeisle-blocks-advanced-heading-b38bcbdd\"> Events calendar<\/h1>\n<\/div>\n<\/div><div class=\"wp-block-themeisle-blocks-advanced-columns-separators bottom\"><svg id=\"slant\" fill=\"var(--nv-primary-accent)\" viewbox=\"0 0 100 100\" width=\"100%\" height=\"100\" preserveaspectratio=\"none\" xmlns=\"http:\/\/www.w3.org\/2000\/svg\" class=\"rotate\"><path d=\"M0 0 L0 100 L100 0 Z\"><\/path><\/svg><\/div><\/div>\n\n\n\n<div id=\"wp-block-themeisle-blocks-advanced-columns-bab331cc\" class=\"wp-block-themeisle-blocks-advanced-columns alignfull has-1-columns has-desktop-equal-layout has-tablet-equal-layout has-mobile-equal-layout has-vertical-top has-dark-bg\"><div class=\"wp-block-themeisle-blocks-advanced-columns-overlay\"><\/div><div class=\"innerblocks-wrap\">\n<div id=\"wp-block-themeisle-blocks-advanced-column-bfffeefb\" class=\"wp-block-themeisle-blocks-advanced-column\">\n<p class=\"has-drop-cap has-nv-site-bg-color has-text-color has-medium-font-size\">Complete annual agenda of events that can be enjoyed in Gij\u00f3n. We explain what events and festivals there are every month.<\/p>\n<\/div>\n<\/div><\/div>\n\n\n\n<div id=\"wp-block-themeisle-blocks-advanced-columns-ba0be2a5\" class=\"wp-block-themeisle-blocks-advanced-columns alignfull has-1-columns has-desktop-equal-layout has-tablet-equal-layout has-mobile-equal-layout has-vertical-unset has-default-gap\"><div class=\"wp-block-themeisle-blocks-advanced-columns-overlay\"><\/div><div class=\"innerblocks-wrap\">\n<div id=\"wp-block-themeisle-blocks-advanced-column-7670e874\" class=\"wp-block-themeisle-blocks-advanced-column\">\n<h2 class=\"wp-block-heading\">Welcome to the city of Gij\u00f3n!<\/h2>\n\n\n\n<p>If you are a lover of <strong>culture<\/strong> and the <strong>entertainment<\/strong>, You have come to the right place. In this article we are going to dive into the <strong>Gij\u00f3n annual events calendar<\/strong>, where you can discover that Gij\u00f3n is a city full of activities and shows for all tastes. From music and theater festivals, to food fairs and sporting events, Gij\u00f3n has something to offer all year round. Let us begin!<\/p>\n\n\n\n<h2 class=\"wp-block-heading\">February<\/h2>\n\n\n\n<div class=\"wp-block-columns is-layout-flex wp-container-core-columns-is-layout-9d6595d7 wp-block-columns-is-layout-flex\">\n<div class=\"wp-block-column is-layout-flow wp-block-column-is-layout-flow\">\n<figure class=\"wp-block-image size-full\"><img decoding=\"async\" width=\"1201\" height=\"800\" src=\"https:\/\/descubregijon.com\/wp-content\/uploads\/2023\/03\/las-comadres.jpg\" alt=\"las comadres\" class=\"wp-image-1148\" srcset=\"https:\/\/descubregijon.com\/wp-content\/uploads\/2023\/03\/las-comadres.jpg 1201w, https:\/\/descubregijon.com\/wp-content\/uploads\/2023\/03\/las-comadres-300x200.jpg 300w, https:\/\/descubregijon.com\/wp-content\/uploads\/2023\/03\/las-comadres-768x512.jpg 768w\" sizes=\"(max-width: 1201px) 100vw, 1201px\" \/><\/figure>\n<\/div>\n\n\n\n<div class=\"wp-block-column is-layout-flow wp-block-column-is-layout-flow\">\n<h3 class=\"wp-block-heading\"><a href=\"https:\/\/descubregijon.com\/en\/feria-internacional-de-muestras-de-asturias\/\"><\/a><a href=\"https:\/\/descubregijon.com\/en\/semana-negra\/\"><\/a><a href=\"https:\/\/descubregijon.com\/en\/les-comadres\/\">the wives<\/a><\/h3>\n\n\n\n<p>Les Comadres is a traditional celebration that takes place on Comadres Thursday, the Thursday before the start of Lent and Carnival. It is an exclusively female party in which women gather to enjoy a snack or dinner with their friends and family, sing and dance. This celebration, which dates back to the 18th century, is deeply rooted in the city and is considered Intangible Cultural Heritage of Asturias.<\/p>\n<\/div>\n<\/div>\n\n\n\n<div class=\"wp-block-columns is-layout-flex wp-container-core-columns-is-layout-9d6595d7 wp-block-columns-is-layout-flex\">\n<div class=\"wp-block-column is-layout-flow wp-block-column-is-layout-flow\">\n<figure class=\"wp-block-image size-full\"><img decoding=\"async\" width=\"600\" height=\"456\" src=\"https:\/\/descubregijon.com\/wp-content\/uploads\/2022\/03\/antroxu-gijon.jpg\" alt=\"Antroxu en Gij\u00f3n\" class=\"wp-image-230\" srcset=\"https:\/\/descubregijon.com\/wp-content\/uploads\/2022\/03\/antroxu-gijon.jpg 600w, https:\/\/descubregijon.com\/wp-content\/uploads\/2022\/03\/antroxu-gijon-300x228.jpg 300w\" sizes=\"(max-width: 600px) 100vw, 600px\" \/><\/figure>\n<\/div>\n\n\n\n<div class=\"wp-block-column is-layout-flow wp-block-column-is-layout-flow\">\n<h3 class=\"wp-block-heading\"><a href=\"https:\/\/descubregijon.com\/en\/carnaval\/\">Carnival<\/a><\/h3>\n\n\n\n<p>Carnival is one of the most popular and expected parties in Gij\u00f3n. Thousands of people gather in the traditional brass band parade. In addition, the cultural program is extended during all the days of the carnival and offers alternatives for all tastes and ages.<\/p>\n<\/div>\n<\/div>\n\n\n\n<div class=\"wp-block-columns is-layout-flex wp-container-core-columns-is-layout-9d6595d7 wp-block-columns-is-layout-flex\">\n<div class=\"wp-block-column is-layout-flow wp-block-column-is-layout-flow\">\n<figure class=\"wp-block-image size-full\"><img decoding=\"async\" width=\"1198\" height=\"800\" src=\"https:\/\/descubregijon.com\/wp-content\/uploads\/2023\/03\/feten-teatro.jpg\" alt=\"Teatro en FETEN\" class=\"wp-image-1196\" srcset=\"https:\/\/descubregijon.com\/wp-content\/uploads\/2023\/03\/feten-teatro.jpg 1198w, https:\/\/descubregijon.com\/wp-content\/uploads\/2023\/03\/feten-teatro-300x200.jpg 300w, https:\/\/descubregijon.com\/wp-content\/uploads\/2023\/03\/feten-teatro-768x513.jpg 768w\" sizes=\"(max-width: 1198px) 100vw, 1198px\" \/><\/figure>\n<\/div>\n\n\n\n<div class=\"wp-block-column is-layout-flow wp-block-column-is-layout-flow\">\n<h3 class=\"wp-block-heading\"><a href=\"https:\/\/descubregijon.com\/en\/feten\/\">FETEN<\/a><\/h3>\n\n\n\n<p id=\"block-2d89ae1c-fa3e-437e-80fa-1bff3b057ebd\">The European Performing Arts Fair for Boys and Girls of Gij\u00f3n\/Xix\u00f3n (FETEN) is one of the largest and most important performing arts festivals for children and youth in Spain. Aimed at ages between 0 and 18, it is a festival that includes numerous theatre, music, dance, workshops or film shows so that the whole family can enjoy culture in the company of the little ones.<\/p>\n<\/div>\n<\/div>\n\n\n\n<h2 class=\"wp-block-heading\">April<\/h2>\n\n\n\n<div class=\"wp-block-columns is-layout-flex wp-container-core-columns-is-layout-9d6595d7 wp-block-columns-is-layout-flex\">\n<div class=\"wp-block-column is-layout-flow wp-block-column-is-layout-flow\">\n<figure class=\"wp-block-image size-full\"><img decoding=\"async\" width=\"1195\" height=\"800\" src=\"https:\/\/descubregijon.com\/wp-content\/uploads\/2023\/03\/lev.jpg\" alt=\"agenda\" class=\"wp-image-1132\" srcset=\"https:\/\/descubregijon.com\/wp-content\/uploads\/2023\/03\/lev.jpg 1195w, https:\/\/descubregijon.com\/wp-content\/uploads\/2023\/03\/lev-300x201.jpg 300w, https:\/\/descubregijon.com\/wp-content\/uploads\/2023\/03\/lev-768x514.jpg 768w\" sizes=\"(max-width: 1195px) 100vw, 1195px\" \/><\/figure>\n<\/div>\n\n\n\n<div class=\"wp-block-column is-layout-flow wp-block-column-is-layout-flow\">\n<h3 class=\"wp-block-heading\"><a href=\"https:\/\/descubregijon.com\/en\/feria-internacional-de-muestras-de-asturias\/\"><\/a><a href=\"https:\/\/descubregijon.com\/en\/semana-negra\/\"><\/a><a href=\"https:\/\/descubregijon.com\/en\/l-e-v\/\">LEV Festival<\/a><\/h3>\n\n\n\n<p>The LEV (Laboratory of Visual Electronics) is a festival whose main objective is the dissemination and promotion of electronic music and visual arts. This event, which brings together artists and creators from all over the world, offers a wide variety of activities such as concerts, exhibitions, workshops and conferences, and has established itself as an essential event for lovers of digital and experimental culture. <\/p>\n<\/div>\n<\/div>\n\n\n\n<div class=\"wp-block-columns is-layout-flex wp-container-core-columns-is-layout-9d6595d7 wp-block-columns-is-layout-flex\">\n<div class=\"wp-block-column is-layout-flow wp-block-column-is-layout-flow\">\n<figure class=\"wp-block-image size-full\"><img decoding=\"async\" width=\"1200\" height=\"675\" src=\"https:\/\/descubregijon.com\/wp-content\/uploads\/2023\/03\/gijon-sound-festival.jpg\" alt=\"gijon sound festival\" class=\"wp-image-1188\" srcset=\"https:\/\/descubregijon.com\/wp-content\/uploads\/2023\/03\/gijon-sound-festival.jpg 1200w, https:\/\/descubregijon.com\/wp-content\/uploads\/2023\/03\/gijon-sound-festival-300x169.jpg 300w, https:\/\/descubregijon.com\/wp-content\/uploads\/2023\/03\/gijon-sound-festival-768x432.jpg 768w\" sizes=\"(max-width: 1200px) 100vw, 1200px\" \/><\/figure>\n<\/div>\n\n\n\n<div class=\"wp-block-column is-layout-flow wp-block-column-is-layout-flow\">\n<h3 class=\"wp-block-heading\"><a href=\"https:\/\/descubregijon.com\/en\/gijon-sound-festival\/\">Gijon Sound Festival<\/a><\/h3>\n\n\n\n<p>The Gij\u00f3n Sound Festival is characterized as a music festival with a unique identity. Its values are cooperation, sustainability, effort, creativity, innovation, empowerment and development of the territory. For a few days, Gij\u00f3n becomes the center of the country&#039;s music with several concerts (free and paid) in different locations in the city.<\/p>\n<\/div>\n<\/div>\n\n\n\n<h2 class=\"wp-block-heading\">July<\/h2>\n\n\n\n<div class=\"wp-block-columns is-layout-flex wp-container-core-columns-is-layout-9d6595d7 wp-block-columns-is-layout-flex\">\n<div class=\"wp-block-column is-layout-flow wp-block-column-is-layout-flow\">\n<figure class=\"wp-block-image size-full\"><img decoding=\"async\" src=\"https:\/\/descubregijon.com\/wp-content\/uploads\/2023\/03\/comic-con-gijon.jpg\" alt=\"metr\u00f3poli Gij\u00f3n\" class=\"wp-image-1205\"\/><\/figure>\n<\/div>\n\n\n\n<div class=\"wp-block-column is-layout-flow wp-block-column-is-layout-flow\">\n<h3 class=\"wp-block-heading\"><a href=\"https:\/\/descubregijon.com\/en\/metropoli\/\">Metropolis<\/a><\/h3>\n\n\n\n<p>For ten days in July, the Metropolis Festival offers multiple events such as music concerts, conferences, performances, art, comics and much more. A festival that fills Gij\u00f3n with a wide cultural offer for all audiences and makes the city a meeting point for artists and fans of a wide variety of disciplines. Its comic con stands out, among the most popular in the country.<\/p>\n<\/div>\n<\/div>\n\n\n\n<div class=\"wp-block-columns is-layout-flex wp-container-core-columns-is-layout-9d6595d7 wp-block-columns-is-layout-flex\">\n<div class=\"wp-block-column is-layout-flow wp-block-column-is-layout-flow\">\n<figure class=\"wp-block-image size-full\"><img decoding=\"async\" src=\"https:\/\/descubregijon.com\/wp-content\/uploads\/2023\/03\/semana-negra.jpg\" alt=\"semana negra\" class=\"wp-image-1129\"\/><\/figure>\n<\/div>\n\n\n\n<div class=\"wp-block-column is-layout-flow wp-block-column-is-layout-flow\">\n<h3 class=\"wp-block-heading\"><a href=\"https:\/\/descubregijon.com\/en\/feria-internacional-de-muestras-de-asturias\/\"><\/a><a href=\"https:\/\/descubregijon.com\/en\/semana-negra\/\">black week<\/a><\/h3>\n\n\n\n<p>Gij\u00f3n&#039;s Black Week is a literary and cultural festival that brings together a wide variety of internationally renowned authors and artists, as well as thousands of visitors from all over the world. Black Week is characterized by its strong social and political commitment, as well as its program of activities that includes book presentations, conferences, concerts, exhibitions, and a book fair. Within the festival there is an important presence of crime and crime literature, which has been its hallmark since its foundation.<\/p>\n<\/div>\n<\/div>\n\n\n\n<h2 class=\"wp-block-heading\">August<\/h2>\n\n\n\n<div class=\"wp-block-columns is-layout-flex wp-container-core-columns-is-layout-9d6595d7 wp-block-columns-is-layout-flex\">\n<div class=\"wp-block-column is-layout-flow wp-block-column-is-layout-flow\">\n<figure class=\"wp-block-image size-full\"><img decoding=\"async\" src=\"https:\/\/descubregijon.com\/wp-content\/uploads\/2023\/03\/fidma.jpg\" alt=\"fidma\" class=\"wp-image-1135\"\/><\/figure>\n<\/div>\n\n\n\n<div class=\"wp-block-column is-layout-flow wp-block-column-is-layout-flow\">\n<h3 class=\"wp-block-heading\"><a href=\"https:\/\/descubregijon.com\/en\/feria-internacional-de-muestras-de-asturias\/\">International Trade Fair of Asturias<\/a><\/h3>\n\n\n\n<p>The Asturias International Trade Fair is one of the most important events in Gij\u00f3n, which brings together hundreds of exhibitors from different economic and commercial sectors. Over several days, visitors have the opportunity to find out about the latest developments in products and services, enjoy activities and shows, as well as establish contacts and do business. The fair is a showcase for the Asturian economy and a meeting point for companies and the general public.<\/p>\n<\/div>\n<\/div>\n\n\n\n<div class=\"wp-block-columns is-layout-flex wp-container-core-columns-is-layout-9d6595d7 wp-block-columns-is-layout-flex\">\n<div class=\"wp-block-column is-layout-flow wp-block-column-is-layout-flow\">\n<figure class=\"wp-block-image size-full\"><img decoding=\"async\" src=\"https:\/\/descubregijon.com\/wp-content\/uploads\/2022\/12\/escanciar-sidra.jpg\" alt=\"escanciar sidra Asturias Gij\u00f3n\" class=\"wp-image-956\"\/><\/figure>\n<\/div>\n\n\n\n<div class=\"wp-block-column is-layout-flow wp-block-column-is-layout-flow\">\n<h3 class=\"wp-block-heading\"><a href=\"https:\/\/descubregijon.com\/en\/record-mundial-de-escanciado-simultaneo\/\">Simultaneous Pouring World Record<\/a><\/h3>\n\n\n\n<p>The world record for simultaneous cider pouring in Gij\u00f3n is an extremely important event in Asturian culture and in the promotion of Asturian cider throughout the world. The tradition of pouring cider, already an art in itself, joins the enthusiasm of the thousands of participants to achieve, year after year, a new record. Without a doubt, this event is a testimony of the love and passion that Asturians have for their culture and gastronomy.<\/p>\n<\/div>\n<\/div>\n\n\n\n<h2 class=\"wp-block-heading\">September<\/h2>\n\n\n\n<div class=\"wp-block-columns is-layout-flex wp-container-core-columns-is-layout-9d6595d7 wp-block-columns-is-layout-flex\">\n<div class=\"wp-block-column is-layout-flow wp-block-column-is-layout-flow\">\n<figure class=\"wp-block-image size-full\"><img decoding=\"async\" width=\"680\" height=\"453\" src=\"https:\/\/descubregijon.com\/wp-content\/uploads\/2023\/06\/2021-09-07.jpg\" alt=\"Cometcon Gij\u00f3n\" class=\"wp-image-1390\" srcset=\"https:\/\/descubregijon.com\/wp-content\/uploads\/2023\/06\/2021-09-07.jpg 680w, https:\/\/descubregijon.com\/wp-content\/uploads\/2023\/06\/2021-09-07-300x200.jpg 300w, https:\/\/descubregijon.com\/wp-content\/uploads\/2023\/06\/2021-09-07-18x12.jpg 18w\" sizes=\"(max-width: 680px) 100vw, 680px\" \/><\/figure>\n<\/div>\n\n\n\n<div class=\"wp-block-column is-layout-flow wp-block-column-is-layout-flow\">\n<h3 class=\"wp-block-heading\">COMETCON<\/h3>\n\n\n\n<p>Video games, literature, cinema, cosplay, comics, art, illustration, role playing, music and much more. Since 2013, this youth event that is held at the Luis Adaro Fairgrounds has established itself as the largest alternative cultural and leisure offer in Asturias.<\/p>\n<\/div>\n<\/div>\n\n\n\n<h2 class=\"wp-block-heading\">November<\/h2>\n\n\n\n<div class=\"wp-block-columns is-layout-flex wp-container-core-columns-is-layout-9d6595d7 wp-block-columns-is-layout-flex\">\n<div class=\"wp-block-column is-layout-flow wp-block-column-is-layout-flow\"><div class=\"wp-block-image\">\n<figure class=\"aligncenter size-full\"><img decoding=\"async\" width=\"300\" height=\"300\" src=\"https:\/\/descubregijon.com\/wp-content\/uploads\/2023\/06\/croqueta.png\" alt=\"Qu\u00e9 croqueta eres Gij\u00f3n\" class=\"wp-image-1386\" srcset=\"https:\/\/descubregijon.com\/wp-content\/uploads\/2023\/06\/croqueta.png 300w, https:\/\/descubregijon.com\/wp-content\/uploads\/2023\/06\/croqueta-150x150.png 150w, https:\/\/descubregijon.com\/wp-content\/uploads\/2023\/06\/croqueta-12x12.png 12w\" sizes=\"(max-width: 300px) 100vw, 300px\" \/><\/figure>\n<\/div><\/div>\n\n\n\n<div class=\"wp-block-column is-layout-flow wp-block-column-is-layout-flow\">\n<h3 class=\"wp-block-heading\">What croquette are you?<\/h3>\n\n\n\n<p>One of the most important gastronomic events in Asturias is celebrated during the month of November in the city. Who does not like croquettes? What if you could try the best in Gij\u00f3n?<\/p>\n\n\n\n<p>For 10 days the city is filled with lovers of croquettes who can taste the proposals of the city&#039;s hospitality.<\/p>\n<\/div>\n<\/div>\n\n\n\n<p class=\"has-text-align-center\">Missing an event? You can send us all the information through our area of <a href=\"https:\/\/descubregijon.com\/en\/contacto\/\">contact<\/a>.<\/p>\n<\/div>\n<\/div><\/div>\n\n\n\n<div id=\"wp-block-themeisle-blocks-advanced-columns-03a3ce8a\" class=\"wp-block-themeisle-blocks-advanced-columns alignfull has-1-columns has-desktop-equal-layout has-tablet-equal-layout has-mobile-equal-layout has-vertical-unset has-default-gap\"><div class=\"wp-block-themeisle-blocks-advanced-columns-overlay\"><\/div><div class=\"innerblocks-wrap\">\n<div id=\"wp-block-themeisle-blocks-advanced-column-3ad37216\" class=\"wp-block-themeisle-blocks-advanced-column\"><\/div>\n<\/div><\/div>","protected":false},"excerpt":{"rendered":"","protected":false},"author":1,"featured_media":755,"parent":0,"menu_order":0,"comment_status":"closed","ping_status":"closed","template":"page-templates\/template-pagebuilder-full-width.php","meta":{"_seopress_robots_primary_cat":"","_seopress_titles_title":"Agenda de eventos de Gij\u00f3n | Descubre Gij\u00f3n","_seopress_titles_desc":"Toda la informaci\u00f3n de la agenda de eventos de Gij\u00f3n organizada por meses. \u00bfQu\u00e9 hay en Gij\u00f3n este mes?","_seopress_robots_index":"","neve_meta_sidebar":"full-width","neve_meta_container":"","neve_meta_enable_content_width":"on","neve_meta_content_width":100,"neve_meta_title_alignment":"","neve_meta_author_avatar":"","neve_post_elements_order":"","neve_meta_disable_header":"","neve_meta_disable_footer":"","neve_meta_disable_title":"","_themeisle_gutenberg_block_has_review":false,"footnotes":""},"class_list":["post-1111","page","type-page","status-publish","has-post-thumbnail"],"amp_enabled":true,"_links":{"self":[{"href":"https:\/\/descubregijon.com\/en\/wp-json\/wp\/v2\/pages\/1111","targetHints":{"allow":["GET"]}}],"collection":[{"href":"https:\/\/descubregijon.com\/en\/wp-json\/wp\/v2\/pages"}],"about":[{"href":"https:\/\/descubregijon.com\/en\/wp-json\/wp\/v2\/types\/page"}],"author":[{"embeddable":true,"href":"https:\/\/descubregijon.com\/en\/wp-json\/wp\/v2\/users\/1"}],"replies":[{"embeddable":true,"href":"https:\/\/descubregijon.com\/en\/wp-json\/wp\/v2\/comments?post=1111"}],"version-history":[{"count":26,"href":"https:\/\/descubregijon.com\/en\/wp-json\/wp\/v2\/pages\/1111\/revisions"}],"predecessor-version":[{"id":1428,"href":"https:\/\/descubregijon.com\/en\/wp-json\/wp\/v2\/pages\/1111\/revisions\/1428"}],"wp:featuredmedia":[{"embeddable":true,"href":"https:\/\/descubregijon.com\/en\/wp-json\/wp\/v2\/media\/755"}],"wp:attachment":[{"href":"https:\/\/descubregijon.com\/en\/wp-json\/wp\/v2\/media?parent=1111"}],"curies":[{"name":"wp","href":"https:\/\/api.w.org\/{rel}","templated":true}]}}